{"id":21,"date":"2023-01-20T02:51:21","date_gmt":"2023-01-20T01:51:21","guid":{"rendered":"http:\/\/immat94.com\/?page_id=21"},"modified":"2023-02-04T21:52:31","modified_gmt":"2023-02-04T20:52:31","slug":"21-2","status":"publish","type":"page","link":"https:\/\/immat94.com\/","title":{"rendered":"Accueil"},"content":{"rendered":"\n<p> <\/p>\n\n\n<p><\/p>\n<p><strong>Notre soci\u00e9t\u00e9 vous propose plusieurs services 7 jours sur 7, de 8h \u00e0 22h aux portes de Paris, sur rendez-vous :<\/strong><\/p>\n\n\n<p><br><br>&#8211; <strong>La location de v\u00e9hicules<\/strong> : Que ce soit une citadine pour une petit d\u00e9placement, une berline ou un monospace pour des vacances, une voiture de sport pour un \u00e9v\u00e9nement sp\u00e9cial ou bien un utilitaire pour d\u00e9m\u00e9nager ou aller chercher des meubles, nous avons ce qu&#8217;il vous faut, au juste prix !<br><br>&#8211; <strong>Achat et revente<\/strong> : <br>Nous vous proposons r\u00e9guli\u00e8rement des v\u00e9hicules \u00e0 la vente avec facilit\u00e9 de paiement en plusieurs fois, avec des mensualit\u00e9s allant de 4 \u00e0 72 mois, accessible aux particuliers ainsi qu&#8217;aux professionnels.<br>Nous achetons \u00e9galement votre voiture roulante ou non, avec ou sans contr\u00f4le technique, avec paiement imm\u00e9diat. <br><br>&#8211;<strong> Service de plaques d\u2019immatriculation et Carte grise <\/strong>: Nous pouvons nous occuper des d\u00e9marches pour faire votre carte grise, votre d\u00e9claration d&#8217;achat ou de cession<br>Nous r\u00e9alisons imm\u00e9diatement vos plaques Auto SIV (plaques min\u00e9ralogiques) et pouvons aussi nous occuper de la pose.<br><br><\/p>\n<br>\n<br>\n\n\n\n<p class=\"has-text-align-center\">Plus d&#8217;informations ci-dessous : <\/p>\n\n\n<style>#kt-layout-id_7b62d6-9a > .kt-row-column-wrap{align-content:start;}:where(#kt-layout-id_7b62d6-9a > .kt-row-column-wrap) > .wp-block-kadence-column{justify-content:start;}#kt-layout-id_7b62d6-9a > .kt-row-column-wrap{column-gap:var(--global-kb-gap-md, 2rem);row-gap:var(--global-kb-gap-md, 2rem);max-width:1140px;margin-left:auto;margin-right:auto;padding-top:var( --global-kb-row-default-top, 25px );padding-bottom:var( --global-kb-row-default-bottom, 25px );padding-top:30px;padding-bottom:85px;}#kt-layout-id_7b62d6-9a > .kt-row-column-wrap > div:not(.added-for-specificity){grid-column:initial;}#kt-layout-id_7b62d6-9a > .kt-row-column-wrap{grid-template-columns:repeat(3, minmax(0, 1fr));}#kt-layout-id_7b62d6-9a > .kt-row-layout-overlay{opacity:0.30;background-image:linear-gradient(180deg, #fff 69%, #fff 100%);mix-blend-mode:normal;}#kt-layout-id_7b62d6-9a .kt-row-layout-bottom-sep{height:100px;}#kt-layout-id_7b62d6-9a .kt-row-layout-bottom-sep svg{width:100%;}#kt-layout-id_7b62d6-9a .kt-row-layout-bottom-sep svg{fill:#ffffff!important;}@media all and (max-width: 1024px){#kt-layout-id_7b62d6-9a > .kt-row-column-wrap > div:not(.added-for-specificity){grid-column:initial;}}@media all and (max-width: 1024px){#kt-layout-id_7b62d6-9a > .kt-row-column-wrap{grid-template-columns:repeat(3, minmax(0, 1fr));}}@media all and (max-width: 1024px){#kt-layout-id_7b62d6-9a .kt-row-layout-bottom-sep{height:px;}}@media all and (max-width: 1024px){#kt-layout-id_7b62d6-9a .kt-row-layout-bottom-sep svg{width:%;}}@media all and (max-width: 767px){#kt-layout-id_7b62d6-9a > .kt-row-column-wrap > div:not(.added-for-specificity){grid-column:initial;}#kt-layout-id_7b62d6-9a > .kt-row-column-wrap{grid-template-columns:minmax(0, 1fr);}#kt-layout-id_7b62d6-9a .kt-row-layout-bottom-sep{height:px;}#kt-layout-id_7b62d6-9a .kt-row-layout-bottom-sep svg{width:%;}}<\/style>\n<div class=\"wp-block-kadence-rowlayout alignfull\"><div id=\"kt-layout-id_7b62d6-9a\" class=\"kt-row-layout-inner kt-row-has-bg kt-layout-id_7b62d6-9a has-white-background-color\"><div class=\"kt-row-layout-overlay kt-row-overlay-gradient\"><\/div><div class=\"kt-row-column-wrap kt-has-3-columns kt-gutter-default kt-v-gutter-default kt-row-valign-top kt-row-layout-equal kt-tab-layout-inherit kt-m-colapse-left-to-right kt-mobile-layout-row\"><style>.kadence-column_4ac418-1a > .kt-inside-inner-col{border-top-width:0px;border-right-width:0px;border-bottom-width:0px;border-left-width:0px;}.kadence-column_4ac418-1a > .kt-inside-inner-col,.kadence-column_4ac418-1a > .kt-inside-inner-col:before{border-top-left-radius:0px;border-top-right-radius:0px;border-bottom-right-radius:0px;border-bottom-left-radius:0px;}.kadence-column_4ac418-1a > .kt-inside-inner-col{column-gap:var(--global-kb-gap-sm, 1rem);}.kadence-column_4ac418-1a > .kt-inside-inner-col{flex-direction:column;}.kadence-column_4ac418-1a > .kt-inside-inner-col > .aligncenter{width:100%;}.kadence-column_4ac418-1a > .kt-inside-inner-col:before{opacity:0.3;}.kadence-column_4ac418-1a{position:relative;}@media all and (max-width: 1024px){.kadence-column_4ac418-1a > .kt-inside-inner-col{flex-direction:column;justify-content:center;}}@media all and (max-width: 767px){.kadence-column_4ac418-1a > .kt-inside-inner-col{flex-direction:column;justify-content:center;}}<\/style>\n<div class=\"wp-block-kadence-column inner-column-1 kadence-column_4ac418-1a\"><div class=\"kt-inside-inner-col\"><style>.wp-block-kadence-column.kb-section-dir-horizontal > .kt-inside-inner-col > #kt-info-box_ea760e-a1 .kt-blocks-info-box-link-wrap{max-width:unset;}#kt-info-box_ea760e-a1 .kt-blocks-info-box-link-wrap{border-color:#2b73b3;border-radius:30px;border-top-width:5px;border-right-width:5px;border-bottom-width:5px;border-left-width:5px;background:#fff;padding-top:20px;padding-right:20px;padding-bottom:20px;padding-left:20px;}#kt-info-box_ea760e-a1 .kt-blocks-info-box-link-wrap:hover{border-color:#2b73b3;background:#2b73b3;}#kt-info-box_ea760e-a1.wp-block-kadence-infobox{max-width:100%;}#kt-info-box_ea760e-a1 .kadence-info-box-image-inner-intrisic-container{max-width:200px;}#kt-info-box_ea760e-a1 .kadence-info-box-image-inner-intrisic-container .kadence-info-box-image-intrisic{padding-bottom:66.6667%;width:612px;height:0px;max-width:100%;}#kt-info-box_ea760e-a1 .kadence-info-box-icon-container .kt-info-svg-icon, #kt-info-box_ea760e-a1 .kt-info-svg-icon-flip, #kt-info-box_ea760e-a1 .kt-blocks-info-box-number{font-size:50px;}#kt-info-box_ea760e-a1 .kt-blocks-info-box-media{color:#444;background:#fff;border-color:#d1d1d1;border-radius:200px;overflow:hidden;border-top-width:0px;border-right-width:0px;border-bottom-width:0px;border-left-width:0px;padding-top:8px;padding-right:8px;padding-bottom:8px;padding-left:8px;}#kt-info-box_ea760e-a1 .kt-blocks-info-box-media-container{margin-top:0px;margin-right:15px;margin-bottom:0px;margin-left:15px;}#kt-info-box_ea760e-a1 .kt-blocks-info-box-media .kadence-info-box-image-intrisic img{border-radius:200px;}#kt-info-box_ea760e-a1 .kt-blocks-info-box-link-wrap:hover .kt-blocks-info-box-media{color:#000;background:#fff;border-color:#d1d1d1;}#kt-info-box_ea760e-a1 .kt-infobox-textcontent h4.kt-blocks-info-box-title{color:#2b73b3;font-size:20px;line-height:25px;font-family:Montserrat;font-style:normal;font-weight:400;padding-top:0px;padding-right:0px;padding-bottom:0px;padding-left:0px;margin-top:5px;margin-right:0px;margin-bottom:10px;margin-left:0px;}#kt-info-box_ea760e-a1 .kt-blocks-info-box-link-wrap:hover h4.kt-blocks-info-box-title{color:#fff;}#kt-info-box_ea760e-a1 .kt-infobox-textcontent .kt-blocks-info-box-text{color:#2b73b3;}.wp-block-kadence-infobox#kt-info-box_ea760e-a1 .kt-blocks-info-box-text{font-size:16px;line-height:24px;font-family:Montserrat;font-style:normal;font-weight:300;}#kt-info-box_ea760e-a1 .kt-blocks-info-box-link-wrap:hover .kt-blocks-info-box-text{color:#fff;}#kt-info-box_ea760e-a1 .kt-blocks-info-box-learnmore{color:#2b73b3;background:#fff;border-color:#2b73b3;font-family:Montserrat;font-style:normal;font-weight:300;border-width:1px 0px 0px 0px;padding-top:9px;padding-right:8px;padding-bottom:4px;padding-left:8px;margin-top:15px;margin-right:0px;margin-bottom:10px;margin-left:0px;}#kt-info-box_ea760e-a1 .kt-blocks-info-box-link-wrap:hover .kt-blocks-info-box-learnmore,#kt-info-box_ea760e-a1 .kt-blocks-info-box-link-wrap .kt-blocks-info-box-learnmore:focus{color:#fff;background:#2b73b3;border-color:#fff;}<\/style>\n<div id=\"kt-info-box_ea760e-a1\" class=\"wp-block-kadence-infobox\"><a class=\"kt-blocks-info-box-link-wrap info-box-link kt-blocks-info-box-media-align-top kt-info-halign-center\" href=\"http:\/\/immat94.com\/index.php\/locations\/\"><div class=\"kt-blocks-info-box-media-container\"><div class=\"kt-blocks-info-box-media kt-info-media-animate-none\"><div class=\"kadence-info-box-image-inner-intrisic-container\"><div class=\"kadence-info-box-image-intrisic kt-info-animate-none\"><div class=\"kadence-info-box-image-inner-intrisic\"><img loading=\"lazy\" decoding=\"async\" src=\"http:\/\/immat94.com\/wp-content\/uploads\/2023\/01\/photo-location-4-1.jpg\" alt=\"\" width=\"612\" height=\"408\" class=\"kt-info-box-image wp-image-49\" srcset=\"https:\/\/immat94.com\/wp-content\/uploads\/2023\/01\/photo-location-4-1.jpg 612w, https:\/\/immat94.com\/wp-content\/uploads\/2023\/01\/photo-location-4-1-300x200.jpg 300w\" sizes=\"auto, (max-width: 612px) 100vw, 612px\" \/><\/div><\/div><\/div><\/div><\/div><div class=\"kt-infobox-textcontent\"><h4 class=\"kt-blocks-info-box-title\">Location<\/h4><p class=\"kt-blocks-info-box-text\">Louez un v\u00e9hicule de tourisme, une citadine, un monospace, une berline,  un cabriolet, un utilitaire de 2 \u00e0 7 places ou une voiture de sport en quelques clics<br\/><br\/><\/p><div class=\"kt-blocks-info-box-learnmore-wrap\"><span class=\"kt-blocks-info-box-learnmore\">En Savoir plus<\/span><\/div><\/div><\/a><\/div>\n<\/div><\/div>\n\n\n<style>.kadence-column_27e9ba-88 > .kt-inside-inner-col{border-top-width:0px;border-right-width:0px;border-bottom-width:0px;border-left-width:0px;}.kadence-column_27e9ba-88 > .kt-inside-inner-col,.kadence-column_27e9ba-88 > .kt-inside-inner-col:before{border-top-left-radius:0px;border-top-right-radius:0px;border-bottom-right-radius:0px;border-bottom-left-radius:0px;}.kadence-column_27e9ba-88 > .kt-inside-inner-col{column-gap:var(--global-kb-gap-sm, 1rem);}.kadence-column_27e9ba-88 > .kt-inside-inner-col{flex-direction:column;}.kadence-column_27e9ba-88 > .kt-inside-inner-col > .aligncenter{width:100%;}.kadence-column_27e9ba-88 > .kt-inside-inner-col:before{opacity:0.3;}.kadence-column_27e9ba-88{position:relative;}@media all and (max-width: 1024px){.kadence-column_27e9ba-88 > .kt-inside-inner-col{flex-direction:column;justify-content:center;}}@media all and (max-width: 767px){.kadence-column_27e9ba-88 > .kt-inside-inner-col{flex-direction:column;justify-content:center;}}<\/style>\n<div class=\"wp-block-kadence-column inner-column-2 kadence-column_27e9ba-88\"><div class=\"kt-inside-inner-col\"><style>.wp-block-kadence-column.kb-section-dir-horizontal > .kt-inside-inner-col > #kt-info-box_4471b4-94 .kt-blocks-info-box-link-wrap{max-width:unset;}#kt-info-box_4471b4-94 .kt-blocks-info-box-link-wrap{border-color:#2b73b3;border-radius:30px;border-top-width:5px;border-right-width:5px;border-bottom-width:5px;border-left-width:5px;background:#fff;padding-top:20px;padding-right:20px;padding-bottom:20px;padding-left:20px;}#kt-info-box_4471b4-94 .kt-blocks-info-box-link-wrap:hover{border-color:#2b73b3;background:#2b73b3;}#kt-info-box_4471b4-94.wp-block-kadence-infobox{max-width:100%;}#kt-info-box_4471b4-94 .kadence-info-box-image-inner-intrisic-container{max-width:200px;}#kt-info-box_4471b4-94 .kadence-info-box-image-inner-intrisic-container .kadence-info-box-image-intrisic{padding-bottom:66.6667%;width:612px;height:0px;max-width:100%;}#kt-info-box_4471b4-94 .kadence-info-box-icon-container .kt-info-svg-icon, #kt-info-box_4471b4-94 .kt-info-svg-icon-flip, #kt-info-box_4471b4-94 .kt-blocks-info-box-number{font-size:50px;}#kt-info-box_4471b4-94 .kt-blocks-info-box-media{color:#444;background:#fff;border-color:#d1d1d1;border-radius:200px;overflow:hidden;border-top-width:0px;border-right-width:0px;border-bottom-width:0px;border-left-width:0px;padding-top:8px;padding-right:8px;padding-bottom:8px;padding-left:8px;}#kt-info-box_4471b4-94 .kt-blocks-info-box-media-container{margin-top:0px;margin-right:15px;margin-bottom:0px;margin-left:15px;}#kt-info-box_4471b4-94 .kt-blocks-info-box-media .kadence-info-box-image-intrisic img{border-radius:200px;}#kt-info-box_4471b4-94 .kt-blocks-info-box-link-wrap:hover .kt-blocks-info-box-media{color:#000;background:#fff;border-color:#d1d1d1;}#kt-info-box_4471b4-94 .kt-infobox-textcontent h4.kt-blocks-info-box-title{color:#2b73b3;font-size:20px;line-height:25px;font-family:Montserrat;font-style:normal;font-weight:300;padding-top:0px;padding-right:0px;padding-bottom:0px;padding-left:0px;margin-top:5px;margin-right:0px;margin-bottom:10px;margin-left:0px;}#kt-info-box_4471b4-94 .kt-blocks-info-box-link-wrap:hover h4.kt-blocks-info-box-title{color:#fff;}#kt-info-box_4471b4-94 .kt-infobox-textcontent .kt-blocks-info-box-text{color:#2b73b3;}.wp-block-kadence-infobox#kt-info-box_4471b4-94 .kt-blocks-info-box-text{font-size:16px;line-height:24px;font-family:Montserrat;font-style:normal;font-weight:300;}#kt-info-box_4471b4-94 .kt-blocks-info-box-link-wrap:hover .kt-blocks-info-box-text{color:#fff;}#kt-info-box_4471b4-94 .kt-blocks-info-box-learnmore{color:#2b73b3;background:#fff;border-color:#2b73b3;font-family:Montserrat;font-style:normal;font-weight:300;border-width:1px 0px 0px 0px;padding-top:9px;padding-right:8px;padding-bottom:4px;padding-left:8px;margin-top:15px;margin-right:0px;margin-bottom:10px;margin-left:0px;}#kt-info-box_4471b4-94 .kt-blocks-info-box-link-wrap:hover .kt-blocks-info-box-learnmore,#kt-info-box_4471b4-94 .kt-blocks-info-box-link-wrap .kt-blocks-info-box-learnmore:focus{color:#fff;background:#2b73b3;border-color:#fff;}<\/style>\n<div id=\"kt-info-box_4471b4-94\" class=\"wp-block-kadence-infobox\"><a class=\"kt-blocks-info-box-link-wrap info-box-link kt-blocks-info-box-media-align-top kt-info-halign-center\" href=\"http:\/\/immat94.com\/index.php\/achat-revente\/\"><div class=\"kt-blocks-info-box-media-container\"><div class=\"kt-blocks-info-box-media kt-info-media-animate-none\"><div class=\"kadence-info-box-image-inner-intrisic-container\"><div class=\"kadence-info-box-image-intrisic kt-info-animate-none\"><div class=\"kadence-info-box-image-inner-intrisic\"><img loading=\"lazy\" decoding=\"async\" src=\"http:\/\/immat94.com\/wp-content\/uploads\/2023\/01\/revente-1.jpg\" alt=\"\" width=\"612\" height=\"408\" class=\"kt-info-box-image wp-image-50\" srcset=\"https:\/\/immat94.com\/wp-content\/uploads\/2023\/01\/revente-1.jpg 612w, https:\/\/immat94.com\/wp-content\/uploads\/2023\/01\/revente-1-300x200.jpg 300w\" sizes=\"auto, (max-width: 612px) 100vw, 612px\" \/><\/div><\/div><\/div><\/div><\/div><div class=\"kt-infobox-textcontent\"><h4 class=\"kt-blocks-info-box-title\">Achat revente<\/h4><p class=\"kt-blocks-info-box-text\">Nous reprenons et proposons r\u00e9guli\u00e8rement des v\u00e9hicules \u00e0 la vente. <br\/>Paiement en plusieurs fois et cr\u00e9dit possible de 4 \u00e0 72 mois.<br\/>Particuliers et professionnels <\/p><div class=\"kt-blocks-info-box-learnmore-wrap\"><span class=\"kt-blocks-info-box-learnmore\">En Savoir plus<\/span><\/div><\/div><\/a><\/div>\n<\/div><\/div>\n\n\n<style>.kadence-column_0a243e-c8 > .kt-inside-inner-col{border-top-width:0px;border-right-width:0px;border-bottom-width:0px;border-left-width:0px;}.kadence-column_0a243e-c8 > .kt-inside-inner-col,.kadence-column_0a243e-c8 > .kt-inside-inner-col:before{border-top-left-radius:0px;border-top-right-radius:0px;border-bottom-right-radius:0px;border-bottom-left-radius:0px;}.kadence-column_0a243e-c8 > .kt-inside-inner-col{column-gap:var(--global-kb-gap-sm, 1rem);}.kadence-column_0a243e-c8 > .kt-inside-inner-col{flex-direction:column;}.kadence-column_0a243e-c8 > .kt-inside-inner-col > .aligncenter{width:100%;}.kadence-column_0a243e-c8 > .kt-inside-inner-col:before{opacity:0.3;}.kadence-column_0a243e-c8{position:relative;}@media all and (max-width: 1024px){.kadence-column_0a243e-c8 > .kt-inside-inner-col{flex-direction:column;justify-content:center;}}@media all and (max-width: 767px){.kadence-column_0a243e-c8 > .kt-inside-inner-col{flex-direction:column;justify-content:center;}}<\/style>\n<div class=\"wp-block-kadence-column inner-column-3 kadence-column_0a243e-c8\"><div class=\"kt-inside-inner-col\"><style>.wp-block-kadence-column.kb-section-dir-horizontal > .kt-inside-inner-col > #kt-info-box_2b34a9-dc .kt-blocks-info-box-link-wrap{max-width:unset;}#kt-info-box_2b34a9-dc .kt-blocks-info-box-link-wrap{border-color:#2b73b3;border-radius:30px;border-top-width:5px;border-right-width:5px;border-bottom-width:5px;border-left-width:5px;background:#fff;padding-top:20px;padding-right:20px;padding-bottom:20px;padding-left:20px;}#kt-info-box_2b34a9-dc .kt-blocks-info-box-link-wrap:hover{border-color:#2b73b3;background:#2b73b3;}#kt-info-box_2b34a9-dc.wp-block-kadence-infobox{max-width:100%;}#kt-info-box_2b34a9-dc .kadence-info-box-image-inner-intrisic-container{max-width:200px;}#kt-info-box_2b34a9-dc .kadence-info-box-image-inner-intrisic-container .kadence-info-box-image-intrisic{padding-bottom:66.6667%;width:612px;height:0px;max-width:100%;}#kt-info-box_2b34a9-dc .kadence-info-box-icon-container .kt-info-svg-icon, #kt-info-box_2b34a9-dc .kt-info-svg-icon-flip, #kt-info-box_2b34a9-dc .kt-blocks-info-box-number{font-size:50px;}#kt-info-box_2b34a9-dc .kt-blocks-info-box-media{color:#444;background:#fff;border-color:#d1d1d1;border-radius:200px;overflow:hidden;border-top-width:0px;border-right-width:0px;border-bottom-width:0px;border-left-width:0px;padding-top:8px;padding-right:8px;padding-bottom:8px;padding-left:8px;}#kt-info-box_2b34a9-dc .kt-blocks-info-box-media-container{margin-top:0px;margin-right:15px;margin-bottom:0px;margin-left:15px;}#kt-info-box_2b34a9-dc .kt-blocks-info-box-media .kadence-info-box-image-intrisic img{border-radius:200px;}#kt-info-box_2b34a9-dc .kt-blocks-info-box-link-wrap:hover .kt-blocks-info-box-media{color:#000;background:#fff;border-color:#d1d1d1;}#kt-info-box_2b34a9-dc .kt-infobox-textcontent h4.kt-blocks-info-box-title{color:#2b73b3;font-size:20px;line-height:25px;font-family:Montserrat;font-style:normal;font-weight:300;padding-top:0px;padding-right:0px;padding-bottom:0px;padding-left:0px;margin-top:5px;margin-right:0px;margin-bottom:10px;margin-left:0px;}#kt-info-box_2b34a9-dc .kt-blocks-info-box-link-wrap:hover h4.kt-blocks-info-box-title{color:#fff;}#kt-info-box_2b34a9-dc .kt-infobox-textcontent .kt-blocks-info-box-text{color:#2b73b3;}.wp-block-kadence-infobox#kt-info-box_2b34a9-dc .kt-blocks-info-box-text{font-size:16px;line-height:24px;font-family:Montserrat;font-style:normal;font-weight:300;}#kt-info-box_2b34a9-dc .kt-blocks-info-box-link-wrap:hover .kt-blocks-info-box-text{color:#fff;}#kt-info-box_2b34a9-dc .kt-blocks-info-box-learnmore{color:#2b73b3;background:#fff;border-color:#2b73b3;font-family:Montserrat;font-style:normal;font-weight:300;border-width:1px 0px 0px 0px;padding-top:9px;padding-right:8px;padding-bottom:4px;padding-left:8px;margin-top:15px;margin-right:0px;margin-bottom:10px;margin-left:0px;}#kt-info-box_2b34a9-dc .kt-blocks-info-box-link-wrap:hover .kt-blocks-info-box-learnmore,#kt-info-box_2b34a9-dc .kt-blocks-info-box-link-wrap .kt-blocks-info-box-learnmore:focus{color:#fff;background:#2b73b3;border-color:#fff;}<\/style>\n<div id=\"kt-info-box_2b34a9-dc\" class=\"wp-block-kadence-infobox\"><a class=\"kt-blocks-info-box-link-wrap info-box-link kt-blocks-info-box-media-align-top kt-info-halign-center\" href=\"http:\/\/immat94.com\/index.php\/siv\/\"><div class=\"kt-blocks-info-box-media-container\"><div class=\"kt-blocks-info-box-media kt-info-media-animate-none\"><div class=\"kadence-info-box-image-inner-intrisic-container\"><div class=\"kadence-info-box-image-intrisic kt-info-animate-none\"><div class=\"kadence-info-box-image-inner-intrisic\"><img loading=\"lazy\" decoding=\"async\" src=\"http:\/\/immat94.com\/wp-content\/uploads\/2023\/01\/photo-carte-grise-1.jpg\" alt=\"\" width=\"612\" height=\"408\" class=\"kt-info-box-image wp-image-51\" srcset=\"https:\/\/immat94.com\/wp-content\/uploads\/2023\/01\/photo-carte-grise-1.jpg 612w, https:\/\/immat94.com\/wp-content\/uploads\/2023\/01\/photo-carte-grise-1-300x200.jpg 300w\" sizes=\"auto, (max-width: 612px) 100vw, 612px\" \/><\/div><\/div><\/div><\/div><\/div><div class=\"kt-infobox-textcontent\"><h4 class=\"kt-blocks-info-box-title\">Carte grise et plaque d&#8217;immatriculation<\/h4><p class=\"kt-blocks-info-box-text\">Nous vous proposons nos services  d&#8217;immatriculation (ex carte grise) et pouvons fabriquer vos plaques d&#8217;immatriculation et nous occupons \u00e9galement de la pose.<\/p><div class=\"kt-blocks-info-box-learnmore-wrap\"><span class=\"kt-blocks-info-box-learnmore\">En Savoir plus<\/span><\/div><\/div><\/a><\/div>\n<\/div><\/div>\n<\/div><\/div><\/div>\n","protected":false},"excerpt":{"rendered":"<p>Notre soci\u00e9t\u00e9 vous propose plusieurs services 7 jours sur 7, de 8h \u00e0 22h aux portes de Paris, sur rendez-vous : &#8211; La location de v\u00e9hicules : Que ce soit une citadine pour une petit d\u00e9placement, une berline ou un &hellip; <a href=\"https:\/\/immat94.com\/\">Continued<\/a><\/p>\n","protected":false},"author":1,"featured_media":0,"parent":0,"menu_order":0,"comment_status":"closed","ping_status":"closed","template":"","meta":{"kt_blocks_editor_width":"","footnotes":""},"class_list":["post-21","page","type-page","status-publish","hentry"],"_links":{"self":[{"href":"https:\/\/immat94.com\/index.php\/wp-json\/wp\/v2\/pages\/21","targetHints":{"allow":["GET"]}}],"collection":[{"href":"https:\/\/immat94.com\/index.php\/wp-json\/wp\/v2\/pages"}],"about":[{"href":"https:\/\/immat94.com\/index.php\/wp-json\/wp\/v2\/types\/page"}],"author":[{"embeddable":true,"href":"https:\/\/immat94.com\/index.php\/wp-json\/wp\/v2\/users\/1"}],"replies":[{"embeddable":true,"href":"https:\/\/immat94.com\/index.php\/wp-json\/wp\/v2\/comments?post=21"}],"version-history":[{"count":41,"href":"https:\/\/immat94.com\/index.php\/wp-json\/wp\/v2\/pages\/21\/revisions"}],"predecessor-version":[{"id":252,"href":"https:\/\/immat94.com\/index.php\/wp-json\/wp\/v2\/pages\/21\/revisions\/252"}],"wp:attachment":[{"href":"https:\/\/immat94.com\/index.php\/wp-json\/wp\/v2\/media?parent=21"}],"curies":[{"name":"wp","href":"https:\/\/api.w.org\/{rel}","templated":true}]}}